{"id":1392,"date":"2024-06-29T16:22:42","date_gmt":"2024-06-29T16:22:42","guid":{"rendered":"https:\/\/nguyenminhhao.com\/?page_id=1392"},"modified":"2024-06-29T16:22:42","modified_gmt":"2024-06-29T16:22:42","slug":"hoat-dong-ngoai-khoa-rung-chuong-vang","status":"publish","type":"page","link":"https:\/\/cleverlearnhtm.edu.vn\/?page_id=1392","title":{"rendered":"HO\u1ea0T \u0110\u1ed8NG NGO\u1ea0I KH\u00d3A-RUNG CHU\u00d4NG V\u00c0NG"},"content":{"rendered":"<p><img fetchpriority=\"high\" decoding=\"async\" class=\"aligncenter wp-image-1393 size-full\" src=\"http:\/\/cleverlearnhtm.edu.vn\/wp-content\/uploads\/2024\/06\/RUNG-CHUONG-VANG-scaled.jpg\" alt=\"\" width=\"2189\" height=\"2560\" srcset=\"https:\/\/cleverlearnhtm.edu.vn\/wp-content\/uploads\/2024\/06\/RUNG-CHUONG-VANG-scaled.jpg 2189w, https:\/\/cleverlearnhtm.edu.vn\/wp-content\/uploads\/2024\/06\/RUNG-CHUONG-VANG-256x300.jpg 256w, https:\/\/cleverlearnhtm.edu.vn\/wp-content\/uploads\/2024\/06\/RUNG-CHUONG-VANG-875x1024.jpg 875w, https:\/\/cleverlearnhtm.edu.vn\/wp-content\/uploads\/2024\/06\/RUNG-CHUONG-VANG-768x898.jpg 768w, https:\/\/cleverlearnhtm.edu.vn\/wp-content\/uploads\/2024\/06\/RUNG-CHUONG-VANG-1313x1536.jpg 1313w, https:\/\/cleverlearnhtm.edu.vn\/wp-content\/uploads\/2024\/06\/RUNG-CHUONG-VANG-1751x2048.jpg 1751w, https:\/\/cleverlearnhtm.edu.vn\/wp-content\/uploads\/2024\/06\/RUNG-CHUONG-VANG-1140x1333.jpg 1140w, https:\/\/cleverlearnhtm.edu.vn\/wp-content\/uploads\/2024\/06\/RUNG-CHUONG-VANG-848x992.jpg 848w, https:\/\/cleverlearnhtm.edu.vn\/wp-content\/uploads\/2024\/06\/RUNG-CHUONG-VANG-600x702.jpg 600w\" sizes=\"(max-width: 2189px) 100vw, 2189px\" \/><\/p>\n","protected":false},"excerpt":{"rendered":"","protected":false},"author":1,"featured_media":0,"parent":0,"menu_order":0,"comment_status":"closed","ping_status":"closed","template":"","meta":{"footnotes":""},"class_list":["post-1392","page","type-page","status-publish","hentry"],"_links":{"self":[{"href":"https:\/\/cleverlearnhtm.edu.vn\/index.php?rest_route=\/wp\/v2\/pages\/1392","targetHints":{"allow":["GET"]}}],"collection":[{"href":"https:\/\/cleverlearnhtm.edu.vn\/index.php?rest_route=\/wp\/v2\/pages"}],"about":[{"href":"https:\/\/cleverlearnhtm.edu.vn\/index.php?rest_route=\/wp\/v2\/types\/page"}],"author":[{"embeddable":true,"href":"https:\/\/cleverlearnhtm.edu.vn\/index.php?rest_route=\/wp\/v2\/users\/1"}],"replies":[{"embeddable":true,"href":"https:\/\/cleverlearnhtm.edu.vn\/index.php?rest_route=%2Fwp%2Fv2%2Fcomments&post=1392"}],"version-history":[{"count":1,"href":"https:\/\/cleverlearnhtm.edu.vn\/index.php?rest_route=\/wp\/v2\/pages\/1392\/revisions"}],"predecessor-version":[{"id":1395,"href":"https:\/\/cleverlearnhtm.edu.vn\/index.php?rest_route=\/wp\/v2\/pages\/1392\/revisions\/1395"}],"wp:attachment":[{"href":"https:\/\/cleverlearnhtm.edu.vn\/index.php?rest_route=%2Fwp%2Fv2%2Fmedia&parent=1392"}],"curies":[{"name":"wp","href":"https:\/\/api.w.org\/{rel}","templated":true}]}}